{"id":2330,"date":"2020-03-15T00:12:31","date_gmt":"2020-03-15T00:12:31","guid":{"rendered":"http:\/\/goncalohenriques.com\/?page_id=2330"},"modified":"2023-01-15T18:30:30","modified_gmt":"2023-01-15T18:30:30","slug":"contact","status":"publish","type":"page","link":"https:\/\/goncalohenriques.com\/pt\/contact\/","title":{"rendered":"Contacta-me"},"content":{"rendered":"<div class=\"wpb-content-wrapper\"><div  class=\"nor-vc-row-container vc_row wpb_row vc_row-fluid\"  ><div class=\"container\"><div class=\"nor-row\"><div class=\"sixteen columns nor-12\"><div class=\"wpb_column vc_column_container vc_col-sm-12\"><div class=\"vc_column-inner\"><div class=\"wpb_wrapper\">\n\t<div  class=\"wpb_single_image wpb_content_element vc_align_left wpb_content_element\">\n\t\t\n\t\t<figure class=\"wpb_wrapper vc_figure\">\n\t\t\t<div class=\"vc_single_image-wrapper   vc_box_border_grey\"><img loading=\"lazy\" decoding=\"async\" width=\"1600\" height=\"600\" src=\"https:\/\/goncalohenriques.com\/wp-content\/uploads\/2023\/01\/Filipa-Joel_Gon\u00e7alo-Henriques-Photography-101.jpg\" class=\"vc_single_image-img attachment-full\" alt=\"\" title=\"Filipa &amp; Joel_Gon\u00e7alo Henriques Photography-101\" srcset=\"https:\/\/goncalohenriques.com\/wp-content\/uploads\/2023\/01\/Filipa-Joel_Gon\u00e7alo-Henriques-Photography-101.jpg 1600w, https:\/\/goncalohenriques.com\/wp-content\/uploads\/2023\/01\/Filipa-Joel_Gon\u00e7alo-Henriques-Photography-101-300x113.jpg 300w, https:\/\/goncalohenriques.com\/wp-content\/uploads\/2023\/01\/Filipa-Joel_Gon\u00e7alo-Henriques-Photography-101-150x56.jpg 150w, https:\/\/goncalohenriques.com\/wp-content\/uploads\/2023\/01\/Filipa-Joel_Gon\u00e7alo-Henriques-Photography-101-768x288.jpg 768w, https:\/\/goncalohenriques.com\/wp-content\/uploads\/2023\/01\/Filipa-Joel_Gon\u00e7alo-Henriques-Photography-101-1536x576.jpg 1536w, https:\/\/goncalohenriques.com\/wp-content\/uploads\/2023\/01\/Filipa-Joel_Gon\u00e7alo-Henriques-Photography-101-18x7.jpg 18w\" sizes=\"auto, (max-width: 1600px) 100vw, 1600px\" \/><\/div>\n\t\t<\/figure>\n\t<\/div>\n<\/div><\/div><\/div><\/div><\/div><\/div><\/div><div  class=\"nor-vc-row-container vc_row wpb_row vc_row-fluid\"  ><div class=\"container\"><div class=\"nor-row\"><div class=\"sixteen columns nor-12\"><div class=\"wpb_column vc_column_container vc_col-sm-3\"><div class=\"vc_column-inner vc_custom_1584231332497\"><div class=\"wpb_wrapper\"><\/div><\/div><\/div><div class=\"wpb_column vc_column_container vc_col-sm-6\"><div class=\"vc_column-inner\"><div class=\"wpb_wrapper\">\n\t<div class=\"wpb_text_column wpb_content_element\" >\n\t\t<div class=\"wpb_wrapper\">\n\t\t\t<h1 style=\"text-align: center;\"><span style=\"font-size: 36px;\">Vamos trabalhar juntos!<\/span><\/h1>\n<p>&nbsp;<\/p>\n<p><span style=\"font-size: 14px;\">Seria uma honra poder fotografar para ti! Se quiseres saber as minhas condi\u00e7\u00f5es de trabalho ou houver alguma quest\u00e3o sobre o meu processo fotogr\u00e1fico, n\u00e3o hesites em enviar um email para nos conhecermos.<\/span><\/p>\n<p><span style=\"font-size: 14px;\">Preenche os teus dados e entrarei em contato para mais informa\u00e7\u00f5es. Fica \u00e0 vontade para anotar todas as tuas ideias, pois quanto mais informa\u00e7\u00f5es eu tiver, melhor ser\u00e1 para o resultado final.<\/span><\/p>\n<p style=\"text-align: center;\"><span style=\"font-size: 14px;\">Tamb\u00e9m podes encontrar-me em:<\/span><\/p>\n<p style=\"text-align: center;\"><span style=\"font-size: 14px;\"><a href=\"mailto:info@goncalohenriques.com\">info@goncalohenriques. com<\/a><\/span><br \/>\n<span style=\"font-size: 14px;\"><a href=\"https:\/\/www.instagram.com\/goncalohenriquesphoto\/\" target=\"_blank\" rel=\"noopener noreferrer\">@goncalohenriquesphoto<\/a><\/span><br \/>\n<span style=\"font-size: 14px;\">+351 914337720<\/span><\/p>\n\n\t\t<\/div>\n\t<\/div>\n\r\n<style type=\"text\/css\">\r\n\r\n\r\n\r\n\r\n\r\n\r\n\tbody #wpforms-3476 .wpforms-submit-container .wpforms-submit, body #wpforms-3476 .wpforms-field-pagebreak button.wpforms-page-button {\r\n\t\ttext-transform: uppercase;text-align:left ;color:#ffffff ;background-color:#0a0a0a ;font-size:14px;border-width:1px ;border-color:#0a0a0a ;border-radius:5px ;-web-border-radius:5px ;-moz-border-radius:5px ;\t\t\t}\r\n\tbody #wpforms-3476 .wpforms-submit-container .wpforms-submit:hover, body #wpforms-3476 .wpforms-field-pagebreak button.wpforms-page-button:hover {\r\n\tbackground-color:#ffffff;\tcolor:#0a0a0a;\t}\r\n\tbody #wpforms-3476 .wpforms-submit-container,body #wpforms-3476 .wpforms-field-pagebreak .wpforms-pagebreak-left{\r\n\ttext-align:left;\t}\r\n\r\n\r\n\tbody #wpforms-3476 .wpforms-form .wpforms-field input[type=text],\r\n\tbody #wpforms-3476 .wpforms-form .wpforms-field input[type=email],\r\n\tbody #wpforms-3476 .wpforms-form .wpforms-field input[type=tel],\r\n\tbody #wpforms-3476 .wpforms-form .wpforms-field input[type=url],\r\n\tbody #wpforms-3476 .wpforms-form .wpforms-field input[type=password],\r\n\tbody #wpforms-3476 .wpforms-form .wpforms-field input[type=number]\r\n\t{\r\n\t\tfont-size:14px;\t\tborder-width: 1px;\t}\r\n\tbody #wpforms-3476 .wpforms-form .wpforms-field .wpforms-field-row\r\n\t{\r\n\t\t\t}\r\n\t\r\n\r\n\tbody #wpforms-3476 .wpforms-form .wpforms-field textarea {\r\n\t\tfont-size:14px;\t\t\tborder-width: 1px;\t\t\r\n\t}\r\n\r\n\r\n \r\n\tbody #wpforms-3476 .wpforms-form .wpforms-field-checkbox li label {\r\n\t\tline-height:20px ;font-size:14px;\t}\r\n \r\n\tbody #wpforms-3476 .wpforms-form .wpforms-field .wpforms-field-description {\r\n\r\n\t\t\t}\r\n \r\n\tbody #wpforms-3476 .wpforms-form .wpforms-field label.wpforms-field-label {\r\n\t\tfont-weight: bold;font-style: italic;font-weight: bold;font-style: italic;line-height:25px ;font-size:13px;\t}\r\n\r\n\/* Styling for Tablets *\/\r\n@media only screen and (max-width: 800px) and (min-width:481px) {\r\n\t\r\n\r\n\r\n\r\n}\r\n\r\n@media only screen and (max-width: 480px){\r\n\t\r\n\r\n\r\n\r\n}\r\n\/*Option to add custom CSS *\/\r\n\r\n\r\n\r\n\r\n\t\t<\/style>\r\n\t\t<div class=\"wpforms-container wpforms-container-full\" id=\"wpforms-3476\"><form id=\"wpforms-form-3476\" class=\"wpforms-validate wpforms-form wpforms-ajax-form\" data-formid=\"3476\" method=\"post\" enctype=\"multipart\/form-data\" action=\"\/pt\/wp-json\/wp\/v2\/pages\/2330\" data-token=\"72903fa9ab603a525b82f62725422377\" data-token-time=\"1778005923\" data-trp-original-action=\"\/pt\/wp-json\/wp\/v2\/pages\/2330\"><noscript class=\"wpforms-error-noscript\">Please enable JavaScript in your browser to complete this form.<\/noscript><div class=\"wpforms-field-container\"><div id=\"wpforms-3476-field_2-container\" class=\"wpforms-field wpforms-field-name\" data-field-id=\"2\"><label class=\"wpforms-field-label\" for=\"wpforms-3476-field_2\">Nome <span class=\"wpforms-required-label\">*<\/span><\/label><input type=\"text\" id=\"wpforms-3476-field_2\" class=\"wpforms-field-large wpforms-field-required\" name=\"wpforms[fields][2]\" required><\/div><div id=\"wpforms-3476-field_3-container\" class=\"wpforms-field wpforms-field-text\" data-field-id=\"3\"><label class=\"wpforms-field-label\" for=\"wpforms-3476-field_3\">Instagram<\/label><input type=\"text\" id=\"wpforms-3476-field_3\" class=\"wpforms-field-large\" name=\"wpforms[fields][3]\" ><\/div><div id=\"wpforms-3476-field_13-container\" class=\"wpforms-field wpforms-field-email\" data-field-id=\"13\"><label class=\"wpforms-field-label\" for=\"wpforms-3476-field_13\">Endere\u00e7o electr\u00f3nico <span class=\"wpforms-required-label\">*<\/span><\/label><input type=\"email\" id=\"wpforms-3476-field_13\" class=\"wpforms-field-large wpforms-field-required\" name=\"wpforms[fields][13]\" spellcheck=\"false\" required><\/div>\t\t<div id=\"wpforms-3476-field_1-container\"\n\t\t\tclass=\"wpforms-field wpforms-field-text\"\n\t\t\tdata-field-type=\"text\"\n\t\t\tdata-field-id=\"1\"\n\t\t\t>\n\t\t\t<label class=\"wpforms-field-label\" for=\"wpforms-3476-field_1\" >me? of address<\/label>\n\t\t\t<input type=\"text\" id=\"wpforms-3476-field_1\" class=\"wpforms-field-medium\" name=\"wpforms[fields][1]\" >\n\t\t<\/div>\n\t\t<div id=\"wpforms-3476-field_8-container\" class=\"wpforms-field wpforms-field-checkbox\" data-field-id=\"8\"><label class=\"wpforms-field-label\">Que tipo de trabalho procuras? <span class=\"wpforms-required-label\">*<\/span><\/label><ul id=\"wpforms-3476-field_8\" class=\"wpforms-field-required\"><li class=\"choice-1 depth-1\"><input type=\"checkbox\" id=\"wpforms-3476-field_8_1\" name=\"wpforms[fields][8][]\" value=\"Weddings\" required><label class=\"wpforms-field-label-inline\" for=\"wpforms-3476-field_8_1\">Casamentos<\/label><\/li><li class=\"choice-6 depth-1\"><input type=\"checkbox\" id=\"wpforms-3476-field_8_6\" name=\"wpforms[fields][8][]\" value=\"Photoshoots\" required><label class=\"wpforms-field-label-inline\" for=\"wpforms-3476-field_8_6\">Sess\u00f5es fotogr\u00e1ficas<\/label><\/li><li class=\"choice-7 depth-1\"><input type=\"checkbox\" id=\"wpforms-3476-field_8_7\" name=\"wpforms[fields][8][]\" value=\"Photojournalism\" required><label class=\"wpforms-field-label-inline\" for=\"wpforms-3476-field_8_7\">Fotojornalismo<\/label><\/li><li class=\"choice-2 depth-1\"><input type=\"checkbox\" id=\"wpforms-3476-field_8_2\" name=\"wpforms[fields][8][]\" value=\"Baptisms\" required><label class=\"wpforms-field-label-inline\" for=\"wpforms-3476-field_8_2\">Baptizados<\/label><\/li><li class=\"choice-3 depth-1\"><input type=\"checkbox\" id=\"wpforms-3476-field_8_3\" name=\"wpforms[fields][8][]\" value=\"Live Shows\" required><label class=\"wpforms-field-label-inline\" for=\"wpforms-3476-field_8_3\">Concertos<\/label><\/li><li class=\"choice-4 depth-1\"><input type=\"checkbox\" id=\"wpforms-3476-field_8_4\" name=\"wpforms[fields][8][]\" value=\"Architecture\" required><label class=\"wpforms-field-label-inline\" for=\"wpforms-3476-field_8_4\">Arquitectura<\/label><\/li><li class=\"choice-5 depth-1\"><input type=\"checkbox\" id=\"wpforms-3476-field_8_5\" name=\"wpforms[fields][8][]\" value=\"Other Works\" required><label class=\"wpforms-field-label-inline\" for=\"wpforms-3476-field_8_5\">Outros Trabalhos<\/label><\/li><\/ul><\/div><div id=\"wpforms-3476-field_6-container\" class=\"wpforms-field wpforms-field-text\" data-field-id=\"6\"><label class=\"wpforms-field-label\" for=\"wpforms-3476-field_6\">Como \u00e9 que ouviste falar de mim? <span class=\"wpforms-required-label\">*<\/span><\/label><input type=\"text\" id=\"wpforms-3476-field_6\" class=\"wpforms-field-large wpforms-field-required\" name=\"wpforms[fields][6]\" required><\/div><div id=\"wpforms-3476-field_9-container\" class=\"wpforms-field wpforms-field-textarea\" data-field-id=\"9\"><label class=\"wpforms-field-label\" for=\"wpforms-3476-field_9\">Mensagem <span class=\"wpforms-required-label\">*<\/span><\/label><textarea id=\"wpforms-3476-field_9\" class=\"wpforms-field-medium wpforms-field-required\" name=\"wpforms[fields][9]\" required><\/textarea><\/div><script>\n\t\t\t\t( function() {\n\t\t\t\t\tconst style = document.createElement( 'style' );\n\t\t\t\t\tstyle.appendChild( document.createTextNode( '#wpforms-3476-field_1-container { position: absolute !important; overflow: hidden !important; display: inline !important; height: 1px !important; width: 1px !important; z-index: -1000 !important; padding: 0 !important; } #wpforms-3476-field_1-container input { visibility: hidden; } #wpforms-conversational-form-page #wpforms-3476-field_1-container label { counter-increment: none; }' ) );\n\t\t\t\t\tdocument.head.appendChild( style );\n\t\t\t\t\tdocument.currentScript?.remove();\n\t\t\t\t} )();\n\t\t\t<\/script><\/div><!-- .wpforms-field-container --><div class=\"wpforms-submit-container\" ><input type=\"hidden\" name=\"wpforms[id]\" value=\"3476\"><input type=\"hidden\" name=\"page_title\" value=\"\"><input type=\"hidden\" name=\"page_url\" value=\"https:\/\/goncalohenriques.com\/pt\/wp-json\/wp\/v2\/pages\/2330\"><input type=\"hidden\" name=\"url_referer\" value=\"\"><button type=\"submit\" name=\"wpforms[submit]\" id=\"wpforms-submit-3476\" class=\"wpforms-submit\" data-alt-text=\"SENDING...\" data-submit-text=\"SEND...\" aria-live=\"assertive\" value=\"wpforms-submit\">ENVIAR...<\/button><img loading=\"lazy\" decoding=\"async\" src=\"https:\/\/goncalohenriques.com\/wp-content\/plugins\/wpforms-lite\/assets\/images\/submit-spin.svg\" class=\"wpforms-submit-spinner\" style=\"display: none;\" width=\"26\" height=\"26\" alt=\"Loading\"><\/div><input type=\"hidden\" name=\"trp-form-language\" value=\"pt\"\/><\/form><\/div>  <!-- .wpforms-container --><\/div><\/div><\/div><div class=\"wpb_column vc_column_container vc_col-sm-3\"><div class=\"vc_column-inner\"><div class=\"wpb_wrapper\"><\/div><\/div><\/div><\/div><\/div><\/div><\/div>\n<\/div>","protected":false},"excerpt":{"rendered":"Let's work together! &nbsp; It would be an honor to be able to photograph for you! If you want to...","protected":false},"author":1,"featured_media":2495,"parent":0,"menu_order":0,"comment_status":"closed","ping_status":"closed","template":"","meta":{"footnotes":""},"class_list":["post-2330","page","type-page","status-publish","has-post-thumbnail","hentry"],"yoast_head":"<!-- This site is optimized with the Yoast SEO plugin v26.9 - https:\/\/yoast.com\/product\/yoast-seo-wordpress\/ -->\n<title>Contact | Gon\u00e7alo Henriques<\/title>\n<meta name=\"description\" content=\"For collaborations contact me by email or through social networks where you can also follow my work\" \/>\n<meta name=\"robots\" content=\"index, follow, max-snippet:-1, max-image-preview:large, max-video-preview:-1\" \/>\n<link rel=\"canonical\" href=\"https:\/\/goncalohenriques.com\/pt\/contact\/\" \/>\n<meta property=\"og:locale\" content=\"pt_PT\" \/>\n<meta property=\"og:type\" content=\"article\" \/>\n<meta property=\"og:title\" content=\"Contact | Gon\u00e7alo Henriques\" \/>\n<meta property=\"og:description\" content=\"For collaborations contact me by email or through social networks where you can also follow my work\" \/>\n<meta property=\"og:url\" content=\"https:\/\/goncalohenriques.com\/pt\/contact\/\" \/>\n<meta property=\"og:site_name\" content=\"Gon\u00e7alo Henriques Photography\" \/>\n<meta property=\"article:modified_time\" content=\"2023-01-15T18:30:30+00:00\" \/>\n<meta property=\"og:image\" content=\"https:\/\/goncalohenriques.com\/wp-content\/uploads\/2020\/03\/IMG_9476-HDR.jpg\" \/>\n\t<meta property=\"og:image:width\" content=\"1600\" \/>\n\t<meta property=\"og:image:height\" content=\"1067\" \/>\n\t<meta property=\"og:image:type\" content=\"image\/jpeg\" \/>\n<meta name=\"twitter:card\" content=\"summary_large_image\" \/>\n<meta name=\"twitter:description\" content=\"For collaborations contact me by email or through social networks where you can also follow my work\" \/>\n<meta name=\"twitter:image\" content=\"https:\/\/goncalohenriques.com\/wp-content\/uploads\/2020\/03\/IMG_9476-HDR.jpg\" \/>\n<meta name=\"twitter:label1\" content=\"Tempo estimado de leitura\" \/>\n\t<meta name=\"twitter:data1\" content=\"1 minuto\" \/>\n<script type=\"application\/ld+json\" class=\"yoast-schema-graph\">{\"@context\":\"https:\/\/schema.org\",\"@graph\":[{\"@type\":\"WebPage\",\"@id\":\"https:\/\/goncalohenriques.com\/contact\/\",\"url\":\"https:\/\/goncalohenriques.com\/contact\/\",\"name\":\"Contact | Gon\u00e7alo Henriques\",\"isPartOf\":{\"@id\":\"https:\/\/goncalohenriques.com\/#website\"},\"primaryImageOfPage\":{\"@id\":\"https:\/\/goncalohenriques.com\/contact\/#primaryimage\"},\"image\":{\"@id\":\"https:\/\/goncalohenriques.com\/contact\/#primaryimage\"},\"thumbnailUrl\":\"https:\/\/goncalohenriques.com\/wp-content\/uploads\/2020\/03\/IMG_9476-HDR.jpg\",\"datePublished\":\"2020-03-15T00:12:31+00:00\",\"dateModified\":\"2023-01-15T18:30:30+00:00\",\"description\":\"For collaborations contact me by email or through social networks where you can also follow my work\",\"breadcrumb\":{\"@id\":\"https:\/\/goncalohenriques.com\/contact\/#breadcrumb\"},\"inLanguage\":\"pt-PT\",\"potentialAction\":[{\"@type\":\"ReadAction\",\"target\":[\"https:\/\/goncalohenriques.com\/contact\/\"]}]},{\"@type\":\"ImageObject\",\"inLanguage\":\"pt-PT\",\"@id\":\"https:\/\/goncalohenriques.com\/contact\/#primaryimage\",\"url\":\"https:\/\/goncalohenriques.com\/wp-content\/uploads\/2020\/03\/IMG_9476-HDR.jpg\",\"contentUrl\":\"https:\/\/goncalohenriques.com\/wp-content\/uploads\/2020\/03\/IMG_9476-HDR.jpg\",\"width\":1600,\"height\":1067},{\"@type\":\"BreadcrumbList\",\"@id\":\"https:\/\/goncalohenriques.com\/contact\/#breadcrumb\",\"itemListElement\":[{\"@type\":\"ListItem\",\"position\":1,\"name\":\"In\u00edcio\",\"item\":\"https:\/\/goncalohenriques.com\/\"},{\"@type\":\"ListItem\",\"position\":2,\"name\":\"Contact\"}]},{\"@type\":\"WebSite\",\"@id\":\"https:\/\/goncalohenriques.com\/#website\",\"url\":\"https:\/\/goncalohenriques.com\/\",\"name\":\"Gon\u00e7alo Henriques Photography\",\"description\":\"Gon\u00e7alo Henriques is a photographer based in Lisbon, Portugal, with a varied work in many areas ranging from weddings, baptisms, concerts and lifestyle to architectural and product photography\",\"potentialAction\":[{\"@type\":\"SearchAction\",\"target\":{\"@type\":\"EntryPoint\",\"urlTemplate\":\"https:\/\/goncalohenriques.com\/?s={search_term_string}\"},\"query-input\":{\"@type\":\"PropertyValueSpecification\",\"valueRequired\":true,\"valueName\":\"search_term_string\"}}],\"inLanguage\":\"pt-PT\"}]}<\/script>\n<!-- \/ Yoast SEO plugin. -->","yoast_head_json":{"title":"Contact | Gon\u00e7alo Henriques","description":"For collaborations contact me by email or through social networks where you can also follow my work","robots":{"index":"index","follow":"follow","max-snippet":"max-snippet:-1","max-image-preview":"max-image-preview:large","max-video-preview":"max-video-preview:-1"},"canonical":"https:\/\/goncalohenriques.com\/pt\/contact\/","og_locale":"pt_PT","og_type":"article","og_title":"Contact | Gon\u00e7alo Henriques","og_description":"For collaborations contact me by email or through social networks where you can also follow my work","og_url":"https:\/\/goncalohenriques.com\/pt\/contact\/","og_site_name":"Gon\u00e7alo Henriques Photography","article_modified_time":"2023-01-15T18:30:30+00:00","og_image":[{"width":1600,"height":1067,"url":"https:\/\/goncalohenriques.com\/wp-content\/uploads\/2020\/03\/IMG_9476-HDR.jpg","type":"image\/jpeg"}],"twitter_card":"summary_large_image","twitter_description":"For collaborations contact me by email or through social networks where you can also follow my work","twitter_image":"https:\/\/goncalohenriques.com\/wp-content\/uploads\/2020\/03\/IMG_9476-HDR.jpg","twitter_misc":{"Tempo estimado de leitura":"1 minuto"},"schema":{"@context":"https:\/\/schema.org","@graph":[{"@type":"WebPage","@id":"https:\/\/goncalohenriques.com\/contact\/","url":"https:\/\/goncalohenriques.com\/contact\/","name":"Contact | Gon\u00e7alo Henriques","isPartOf":{"@id":"https:\/\/goncalohenriques.com\/#website"},"primaryImageOfPage":{"@id":"https:\/\/goncalohenriques.com\/contact\/#primaryimage"},"image":{"@id":"https:\/\/goncalohenriques.com\/contact\/#primaryimage"},"thumbnailUrl":"https:\/\/goncalohenriques.com\/wp-content\/uploads\/2020\/03\/IMG_9476-HDR.jpg","datePublished":"2020-03-15T00:12:31+00:00","dateModified":"2023-01-15T18:30:30+00:00","description":"For collaborations contact me by email or through social networks where you can also follow my work","breadcrumb":{"@id":"https:\/\/goncalohenriques.com\/contact\/#breadcrumb"},"inLanguage":"pt-PT","potentialAction":[{"@type":"ReadAction","target":["https:\/\/goncalohenriques.com\/contact\/"]}]},{"@type":"ImageObject","inLanguage":"pt-PT","@id":"https:\/\/goncalohenriques.com\/contact\/#primaryimage","url":"https:\/\/goncalohenriques.com\/wp-content\/uploads\/2020\/03\/IMG_9476-HDR.jpg","contentUrl":"https:\/\/goncalohenriques.com\/wp-content\/uploads\/2020\/03\/IMG_9476-HDR.jpg","width":1600,"height":1067},{"@type":"BreadcrumbList","@id":"https:\/\/goncalohenriques.com\/contact\/#breadcrumb","itemListElement":[{"@type":"ListItem","position":1,"name":"In\u00edcio","item":"https:\/\/goncalohenriques.com\/"},{"@type":"ListItem","position":2,"name":"Contact"}]},{"@type":"WebSite","@id":"https:\/\/goncalohenriques.com\/#website","url":"https:\/\/goncalohenriques.com\/","name":"Gon\u00e7alo Henriques Photography","description":"Gon\u00e7alo Henriques is a photographer based in Lisbon, Portugal, with a varied work in many areas ranging from weddings, baptisms, concerts and lifestyle to architectural and product photography","potentialAction":[{"@type":"SearchAction","target":{"@type":"EntryPoint","urlTemplate":"https:\/\/goncalohenriques.com\/?s={search_term_string}"},"query-input":{"@type":"PropertyValueSpecification","valueRequired":true,"valueName":"search_term_string"}}],"inLanguage":"pt-PT"}]}},"_links":{"self":[{"href":"https:\/\/goncalohenriques.com\/pt\/wp-json\/wp\/v2\/pages\/2330","targetHints":{"allow":["GET"]}}],"collection":[{"href":"https:\/\/goncalohenriques.com\/pt\/wp-json\/wp\/v2\/pages"}],"about":[{"href":"https:\/\/goncalohenriques.com\/pt\/wp-json\/wp\/v2\/types\/page"}],"author":[{"embeddable":true,"href":"https:\/\/goncalohenriques.com\/pt\/wp-json\/wp\/v2\/users\/1"}],"replies":[{"embeddable":true,"href":"https:\/\/goncalohenriques.com\/pt\/wp-json\/wp\/v2\/comments?post=2330"}],"version-history":[{"count":31,"href":"https:\/\/goncalohenriques.com\/pt\/wp-json\/wp\/v2\/pages\/2330\/revisions"}],"predecessor-version":[{"id":4416,"href":"https:\/\/goncalohenriques.com\/pt\/wp-json\/wp\/v2\/pages\/2330\/revisions\/4416"}],"wp:featuredmedia":[{"embeddable":true,"href":"https:\/\/goncalohenriques.com\/pt\/wp-json\/wp\/v2\/media\/2495"}],"wp:attachment":[{"href":"https:\/\/goncalohenriques.com\/pt\/wp-json\/wp\/v2\/media?parent=2330"}],"curies":[{"name":"wp","href":"https:\/\/api.w.org\/{rel}","templated":true}]}}