{"id":2691,"date":"2020-03-15T22:17:40","date_gmt":"2020-03-15T22:17:40","guid":{"rendered":"http:\/\/goncalohenriques.com\/?page_id=2691"},"modified":"2026-03-15T21:13:11","modified_gmt":"2026-03-15T21:13:11","slug":"joao-mendes-ribeiro","status":"publish","type":"page","link":"https:\/\/goncalohenriques.com\/pt\/joao-mendes-ribeiro\/","title":{"rendered":"Jo\u00e3o Mendes Ribeiro"},"content":{"rendered":"<div class=\"wpb-content-wrapper\"><div  class=\"nor-vc-row-container vc_row wpb_row vc_row-fluid\"  ><div class=\"container\"><div class=\"nor-row\"><div class=\"sixteen columns nor-12\"><div class=\"wpb_column vc_column_container vc_col-sm-3\"><div class=\"vc_column-inner\"><div class=\"wpb_wrapper\">\n\t<div class=\"wpb_text_column wpb_content_element\" >\n\t\t<div class=\"wpb_wrapper\">\n\t\t\t<p><span style=\"font-size: 24px;\">Jo\u00e3o Mendes Ribeiro<\/span><\/p>\n\n\t\t<\/div>\n\t<\/div>\n<\/div><\/div><\/div><div class=\"wpb_column vc_column_container vc_col-sm-9\"><div class=\"vc_column-inner\"><div class=\"wpb_wrapper\"><\/div><\/div><\/div><\/div><\/div><\/div><\/div><div  class=\"nor-vc-row-container vc_row wpb_row vc_row-fluid\"  ><div class=\"container\"><div class=\"nor-row\"><div class=\"sixteen columns nor-12\"><div class=\"wpb_column vc_column_container vc_col-sm-12\"><div class=\"vc_column-inner\"><div class=\"wpb_wrapper\"><style>#vc-posts-92825 article.grid-item .info-overlay, #vc-posts-92825 article.grid-item .info-overlay a, #vc-posts-92825 article.grid-item .info-overlay p{color:#0a0a0a!important}#vc-posts-92825 article.grid-item .info-overlay span.amount, #vc-posts-92825 article.grid-item .info-overlay span.from, #vc-posts-92825 article.grid-item .info-overlay .product-onsale{color:#0a0a0a!important}#vc-posts-92825 article.grid-item .info-overlay .product-onsale, #vc-posts-92825 article.grid-item .info-overlay .product-addtocart-wrapper a.button, #vc-posts-92825 article.grid-item .info-overlay hr{border-color:#0a0a0a!important}#vc-posts-92825 article.grid-item .info-overlay{left:-10px;right:-10px;top:-10px;bottom:-10px;padding:25px;background:rgba(255,255,255,0.8)!important;color:#0a0a0a!important}#vc-posts-92825 article.grid-item .img{transition:opacity .3s ease}#vc-posts-92825 article.grid-item:hover .img{opacity:0.8}<\/style><div class=\"nor_vc_templates vc_clearfix   vc_custom_1671744055152\">\n  <div id=\"vc-posts-92825\" class=\"post-list category-filter-off fitvids   unlimited-posts   wrapper-column-nor-614751912d902 type-post   nor-masonry\">\n    \t\n\t\n\t<article class=\"grid-item transform-effect shown border-color grid-type-post first info-overlay  pterm-6 grid-radius-responsive-all non-product\"  data-overlay=\".info-overlay\">\n\n\t\t\t<a  href=\"https:\/\/goncalohenriques.com\/pt\/torre-de-palma-wine-hotel\/\" target=\"_self\" class=\"img\" data-ajax=\"true\"><img loading=\"lazy\" decoding=\"async\" src=\"https:\/\/goncalohenriques.com\/wp-content\/uploads\/2020\/03\/Torre-de-Palma-Wine-Hotel-202.jpg\" srcset=\"https:\/\/goncalohenriques.com\/wp-content\/uploads\/2020\/03\/Torre-de-Palma-Wine-Hotel-202.jpg 1600w, https:\/\/goncalohenriques.com\/wp-content\/uploads\/2020\/03\/Torre-de-Palma-Wine-Hotel-202-300x200.jpg 300w, https:\/\/goncalohenriques.com\/wp-content\/uploads\/2020\/03\/Torre-de-Palma-Wine-Hotel-202-150x100.jpg 150w, https:\/\/goncalohenriques.com\/wp-content\/uploads\/2020\/03\/Torre-de-Palma-Wine-Hotel-202-768x512.jpg 768w, https:\/\/goncalohenriques.com\/wp-content\/uploads\/2020\/03\/Torre-de-Palma-Wine-Hotel-202-1536x1024.jpg 1536w, https:\/\/goncalohenriques.com\/wp-content\/uploads\/2020\/03\/Torre-de-Palma-Wine-Hotel-202-450x300.jpg 450w, https:\/\/goncalohenriques.com\/wp-content\/uploads\/2020\/03\/Torre-de-Palma-Wine-Hotel-202-630x420.jpg 630w, https:\/\/goncalohenriques.com\/wp-content\/uploads\/2020\/03\/Torre-de-Palma-Wine-Hotel-202-560x373.jpg 560w, https:\/\/goncalohenriques.com\/wp-content\/uploads\/2020\/03\/Torre-de-Palma-Wine-Hotel-202-840x560.jpg 840w, https:\/\/goncalohenriques.com\/wp-content\/uploads\/2020\/03\/Torre-de-Palma-Wine-Hotel-202-370x247.jpg 370w, https:\/\/goncalohenriques.com\/wp-content\/uploads\/2020\/03\/Torre-de-Palma-Wine-Hotel-202-555x370.jpg 555w, https:\/\/goncalohenriques.com\/wp-content\/uploads\/2020\/03\/Torre-de-Palma-Wine-Hotel-202-750x500.jpg 750w, https:\/\/goncalohenriques.com\/wp-content\/uploads\/2020\/03\/Torre-de-Palma-Wine-Hotel-202-1125x750.jpg 1125w\" width=\"1600\"  height=\"1067\" alt=\"TORRE DE PALMA WINE HOTEL\"\n            data-sizes=\"(max-width: 767px) 100vw, (min-width: 768px) 100vw\" sizes=\"auto, (max-width: 767px) 100vw, (min-width: 768px) 100vw\" class=\"\"><\/a>\n        \n                <div class=\"info  info-overlay\" data-target=\"_self\" data-link=\"https:\/\/goncalohenriques.com\/pt\/torre-de-palma-wine-hotel\/\">\n        \t<div class=\"overlay-wrapper centered\">\n\t\t\t                 <h4 class=\"no-effect\" ><a href=\"https:\/\/goncalohenriques.com\/pt\/torre-de-palma-wine-hotel\/\" target=\"_self\" data-ajax=\"true\" >TORRE DE PALMA WINE HOTEL<\/a><\/h4>\n            \n            <div class=\"excerpt\">Jo\u00e3o Mendes Ribeiro<\/div>            <\/div>\n        <\/div>\n        \t<\/article>\n      <\/div>\n<\/div><\/div><\/div><\/div><\/div><\/div><\/div><\/div>\n<\/div>","protected":false},"excerpt":{"rendered":"Torre de Palma Wine Hotel Architecture, Jo\u00e3o Mendes Ribeiro, Refurbishment,\u00a0Tourism Jo\u00e3o Mendes Ribeiro Monforte, Portugal February 2020 Inner decoration of the bedrooms by Rosarinho Gabriel from studio Coisas da Terra\u00a0","protected":false},"author":1,"featured_media":2689,"parent":0,"menu_order":0,"comment_status":"closed","ping_status":"closed","template":"","meta":{"footnotes":""},"class_list":["post-2691","page","type-page","status-publish","has-post-thumbnail","hentry"],"yoast_head":"<!-- This site is optimized with the Yoast SEO plugin v26.9 - https:\/\/yoast.com\/product\/yoast-seo-wordpress\/ -->\n<title>Jo\u00e3o Mendes Ribeiro | Gon\u00e7alo Henriques<\/title>\n<meta name=\"description\" content=\"Architectural photography by Gon\u00e7alo Henriques | Selected work where it is intended to focus on architectural photography and work of Jo\u00e3o Mendes Ribeiro\" \/>\n<meta name=\"robots\" content=\"index, follow, max-snippet:-1, max-image-preview:large, max-video-preview:-1\" \/>\n<link rel=\"canonical\" href=\"https:\/\/goncalohenriques.com\/pt\/joao-mendes-ribeiro\/\" \/>\n<meta property=\"og:locale\" content=\"pt_PT\" \/>\n<meta property=\"og:type\" content=\"article\" \/>\n<meta property=\"og:title\" content=\"Jo\u00e3o Mendes Ribeiro | Gon\u00e7alo Henriques\" \/>\n<meta property=\"og:description\" content=\"Architectural photography by Gon\u00e7alo Henriques | Selected work where it is intended to focus on architectural photography and work of Jo\u00e3o Mendes Ribeiro\" \/>\n<meta property=\"og:url\" content=\"https:\/\/goncalohenriques.com\/pt\/joao-mendes-ribeiro\/\" \/>\n<meta property=\"og:site_name\" content=\"Gon\u00e7alo Henriques Photography\" \/>\n<meta property=\"article:modified_time\" content=\"2026-03-15T21:13:11+00:00\" \/>\n<meta property=\"og:image\" content=\"https:\/\/goncalohenriques.com\/wp-content\/uploads\/2020\/03\/Torre-de-Palma-Wine-Hotel-202.jpg\" \/>\n\t<meta property=\"og:image:width\" content=\"1600\" \/>\n\t<meta property=\"og:image:height\" content=\"1067\" \/>\n\t<meta property=\"og:image:type\" content=\"image\/jpeg\" \/>\n<meta name=\"twitter:card\" content=\"summary_large_image\" \/>\n<meta name=\"twitter:description\" content=\"Architectural photography by Gon\u00e7alo Henriques | Selected work where it is intended to focus on architectural photography and work of Jo\u00e3o Mendes Ribeiro\" \/>\n<meta name=\"twitter:image\" content=\"https:\/\/goncalohenriques.com\/wp-content\/uploads\/2020\/03\/Torre-de-Palma-Wine-Hotel-202.jpg\" \/>\n<meta name=\"twitter:label1\" content=\"Tempo estimado de leitura\" \/>\n\t<meta name=\"twitter:data1\" content=\"1 minuto\" \/>\n<script type=\"application\/ld+json\" class=\"yoast-schema-graph\">{\"@context\":\"https:\/\/schema.org\",\"@graph\":[{\"@type\":\"WebPage\",\"@id\":\"https:\/\/goncalohenriques.com\/joao-mendes-ribeiro\/\",\"url\":\"https:\/\/goncalohenriques.com\/joao-mendes-ribeiro\/\",\"name\":\"Jo\u00e3o Mendes Ribeiro | Gon\u00e7alo Henriques\",\"isPartOf\":{\"@id\":\"https:\/\/goncalohenriques.com\/#website\"},\"primaryImageOfPage\":{\"@id\":\"https:\/\/goncalohenriques.com\/joao-mendes-ribeiro\/#primaryimage\"},\"image\":{\"@id\":\"https:\/\/goncalohenriques.com\/joao-mendes-ribeiro\/#primaryimage\"},\"thumbnailUrl\":\"https:\/\/goncalohenriques.com\/wp-content\/uploads\/2020\/03\/Torre-de-Palma-Wine-Hotel-202.jpg\",\"datePublished\":\"2020-03-15T22:17:40+00:00\",\"dateModified\":\"2026-03-15T21:13:11+00:00\",\"description\":\"Architectural photography by Gon\u00e7alo Henriques | Selected work where it is intended to focus on architectural photography and work of Jo\u00e3o Mendes Ribeiro\",\"breadcrumb\":{\"@id\":\"https:\/\/goncalohenriques.com\/joao-mendes-ribeiro\/#breadcrumb\"},\"inLanguage\":\"pt-PT\",\"potentialAction\":[{\"@type\":\"ReadAction\",\"target\":[\"https:\/\/goncalohenriques.com\/joao-mendes-ribeiro\/\"]}]},{\"@type\":\"ImageObject\",\"inLanguage\":\"pt-PT\",\"@id\":\"https:\/\/goncalohenriques.com\/joao-mendes-ribeiro\/#primaryimage\",\"url\":\"https:\/\/goncalohenriques.com\/wp-content\/uploads\/2020\/03\/Torre-de-Palma-Wine-Hotel-202.jpg\",\"contentUrl\":\"https:\/\/goncalohenriques.com\/wp-content\/uploads\/2020\/03\/Torre-de-Palma-Wine-Hotel-202.jpg\",\"width\":1600,\"height\":1067,\"caption\":\"Torre de Palma Wine Hotel_Gon\u00e7alo Henriques Architectural Photography\"},{\"@type\":\"BreadcrumbList\",\"@id\":\"https:\/\/goncalohenriques.com\/joao-mendes-ribeiro\/#breadcrumb\",\"itemListElement\":[{\"@type\":\"ListItem\",\"position\":1,\"name\":\"In\u00edcio\",\"item\":\"https:\/\/goncalohenriques.com\/\"},{\"@type\":\"ListItem\",\"position\":2,\"name\":\"Jo\u00e3o Mendes Ribeiro\"}]},{\"@type\":\"WebSite\",\"@id\":\"https:\/\/goncalohenriques.com\/#website\",\"url\":\"https:\/\/goncalohenriques.com\/\",\"name\":\"Gon\u00e7alo Henriques Photography\",\"description\":\"Gon\u00e7alo Henriques is a photographer based in Lisbon, Portugal, with a varied work in many areas ranging from weddings, baptisms, concerts and lifestyle to architectural and product photography\",\"potentialAction\":[{\"@type\":\"SearchAction\",\"target\":{\"@type\":\"EntryPoint\",\"urlTemplate\":\"https:\/\/goncalohenriques.com\/?s={search_term_string}\"},\"query-input\":{\"@type\":\"PropertyValueSpecification\",\"valueRequired\":true,\"valueName\":\"search_term_string\"}}],\"inLanguage\":\"pt-PT\"}]}<\/script>\n<!-- \/ Yoast SEO plugin. -->","yoast_head_json":{"title":"Jo\u00e3o Mendes Ribeiro | Gon\u00e7alo Henriques","description":"Architectural photography by Gon\u00e7alo Henriques | Selected work where it is intended to focus on architectural photography and work of Jo\u00e3o Mendes Ribeiro","robots":{"index":"index","follow":"follow","max-snippet":"max-snippet:-1","max-image-preview":"max-image-preview:large","max-video-preview":"max-video-preview:-1"},"canonical":"https:\/\/goncalohenriques.com\/pt\/joao-mendes-ribeiro\/","og_locale":"pt_PT","og_type":"article","og_title":"Jo\u00e3o Mendes Ribeiro | Gon\u00e7alo Henriques","og_description":"Architectural photography by Gon\u00e7alo Henriques | Selected work where it is intended to focus on architectural photography and work of Jo\u00e3o Mendes Ribeiro","og_url":"https:\/\/goncalohenriques.com\/pt\/joao-mendes-ribeiro\/","og_site_name":"Gon\u00e7alo Henriques Photography","article_modified_time":"2026-03-15T21:13:11+00:00","og_image":[{"width":1600,"height":1067,"url":"https:\/\/goncalohenriques.com\/wp-content\/uploads\/2020\/03\/Torre-de-Palma-Wine-Hotel-202.jpg","type":"image\/jpeg"}],"twitter_card":"summary_large_image","twitter_description":"Architectural photography by Gon\u00e7alo Henriques | Selected work where it is intended to focus on architectural photography and work of Jo\u00e3o Mendes Ribeiro","twitter_image":"https:\/\/goncalohenriques.com\/wp-content\/uploads\/2020\/03\/Torre-de-Palma-Wine-Hotel-202.jpg","twitter_misc":{"Tempo estimado de leitura":"1 minuto"},"schema":{"@context":"https:\/\/schema.org","@graph":[{"@type":"WebPage","@id":"https:\/\/goncalohenriques.com\/joao-mendes-ribeiro\/","url":"https:\/\/goncalohenriques.com\/joao-mendes-ribeiro\/","name":"Jo\u00e3o Mendes Ribeiro | Gon\u00e7alo Henriques","isPartOf":{"@id":"https:\/\/goncalohenriques.com\/#website"},"primaryImageOfPage":{"@id":"https:\/\/goncalohenriques.com\/joao-mendes-ribeiro\/#primaryimage"},"image":{"@id":"https:\/\/goncalohenriques.com\/joao-mendes-ribeiro\/#primaryimage"},"thumbnailUrl":"https:\/\/goncalohenriques.com\/wp-content\/uploads\/2020\/03\/Torre-de-Palma-Wine-Hotel-202.jpg","datePublished":"2020-03-15T22:17:40+00:00","dateModified":"2026-03-15T21:13:11+00:00","description":"Architectural photography by Gon\u00e7alo Henriques | Selected work where it is intended to focus on architectural photography and work of Jo\u00e3o Mendes Ribeiro","breadcrumb":{"@id":"https:\/\/goncalohenriques.com\/joao-mendes-ribeiro\/#breadcrumb"},"inLanguage":"pt-PT","potentialAction":[{"@type":"ReadAction","target":["https:\/\/goncalohenriques.com\/joao-mendes-ribeiro\/"]}]},{"@type":"ImageObject","inLanguage":"pt-PT","@id":"https:\/\/goncalohenriques.com\/joao-mendes-ribeiro\/#primaryimage","url":"https:\/\/goncalohenriques.com\/wp-content\/uploads\/2020\/03\/Torre-de-Palma-Wine-Hotel-202.jpg","contentUrl":"https:\/\/goncalohenriques.com\/wp-content\/uploads\/2020\/03\/Torre-de-Palma-Wine-Hotel-202.jpg","width":1600,"height":1067,"caption":"Torre de Palma Wine Hotel_Gon\u00e7alo Henriques Architectural Photography"},{"@type":"BreadcrumbList","@id":"https:\/\/goncalohenriques.com\/joao-mendes-ribeiro\/#breadcrumb","itemListElement":[{"@type":"ListItem","position":1,"name":"In\u00edcio","item":"https:\/\/goncalohenriques.com\/"},{"@type":"ListItem","position":2,"name":"Jo\u00e3o Mendes Ribeiro"}]},{"@type":"WebSite","@id":"https:\/\/goncalohenriques.com\/#website","url":"https:\/\/goncalohenriques.com\/","name":"Gon\u00e7alo Henriques Photography","description":"Gon\u00e7alo Henriques is a photographer based in Lisbon, Portugal, with a varied work in many areas ranging from weddings, baptisms, concerts and lifestyle to architectural and product photography","potentialAction":[{"@type":"SearchAction","target":{"@type":"EntryPoint","urlTemplate":"https:\/\/goncalohenriques.com\/?s={search_term_string}"},"query-input":{"@type":"PropertyValueSpecification","valueRequired":true,"valueName":"search_term_string"}}],"inLanguage":"pt-PT"}]}},"_links":{"self":[{"href":"https:\/\/goncalohenriques.com\/pt\/wp-json\/wp\/v2\/pages\/2691","targetHints":{"allow":["GET"]}}],"collection":[{"href":"https:\/\/goncalohenriques.com\/pt\/wp-json\/wp\/v2\/pages"}],"about":[{"href":"https:\/\/goncalohenriques.com\/pt\/wp-json\/wp\/v2\/types\/page"}],"author":[{"embeddable":true,"href":"https:\/\/goncalohenriques.com\/pt\/wp-json\/wp\/v2\/users\/1"}],"replies":[{"embeddable":true,"href":"https:\/\/goncalohenriques.com\/pt\/wp-json\/wp\/v2\/comments?post=2691"}],"version-history":[{"count":9,"href":"https:\/\/goncalohenriques.com\/pt\/wp-json\/wp\/v2\/pages\/2691\/revisions"}],"predecessor-version":[{"id":4228,"href":"https:\/\/goncalohenriques.com\/pt\/wp-json\/wp\/v2\/pages\/2691\/revisions\/4228"}],"wp:featuredmedia":[{"embeddable":true,"href":"https:\/\/goncalohenriques.com\/pt\/wp-json\/wp\/v2\/media\/2689"}],"wp:attachment":[{"href":"https:\/\/goncalohenriques.com\/pt\/wp-json\/wp\/v2\/media?parent=2691"}],"curies":[{"name":"wp","href":"https:\/\/api.w.org\/{rel}","templated":true}]}}